{"id":496,"date":"2021-05-25T14:37:57","date_gmt":"2021-05-25T14:37:57","guid":{"rendered":"https:\/\/www.champagne-hervieux-dumez.com\/mentions-legales\/"},"modified":"2021-10-25T11:31:06","modified_gmt":"2021-10-25T11:31:06","slug":"legal-notice","status":"publish","type":"page","link":"https:\/\/www.champagne-hervieux-dumez.com\/en\/legal-notice\/","title":{"rendered":"Legal Notice"},"content":{"rendered":"<h2>\u00c9DITION DU SITE PAR :<\/h2>\n<p>Raison sociale : <strong>Champagne Hervieux Dumez<\/strong><br \/>\nAdresse : <strong><span class=\"contact-street\">6 rue de Ch\u00e2tillon <\/span><span class=\"contact-suburb\">51500 SACY, France<\/span><\/strong><br \/>\nT\u00e9l. <strong>+33 (0)3 26 49 23 86<\/strong><br \/>\nSIRET : <strong>38748079100020<\/strong><br \/>\nTVA Intracommunautaire : <strong>FR11387480791<\/strong><br \/>\nAPE : <strong>0121Z \u2013 Culture de la vigne<\/strong><br \/>\nE-mail : <a href=\"https:\/\/dev.champagne-hervieux-dumez.com\/en\/contact\/\">Formulaire en ligne<\/a><br \/>\nSite : <a href=\"https:\/\/www.champagne-hervieux-dumez.com\/en\/\">www.champagne-hervieux-dumez.com<\/a><\/p>\n<h2>CONCEPTION ET D\u00c9VELOPPEMENT DU SITE :<\/h2>\n<p>Raison sociale : <strong>St\u00e9phane COUTELOT<\/strong><br \/>\nSIRET : <strong>799 255 708 00015<\/strong><br \/>\nAPE : <strong>7311Z<\/strong><br \/>\nE-mail : contact[at]coutelot-stephane.com<br \/>\nSite : <a href=\"https:\/\/www.coutelot-stephane.com\" target=\"_blank\" rel=\"noopener\">www.coutelot-stephane.com<\/a><\/p>\n<h2>H\u00c9BERGEMENT :<\/h2>\n<p><strong>O2SWITCH<\/strong><br \/>\nSiret : 510 909 807 00024<br \/>\nRCS Clermont Ferrand<br \/>\nSARL au capital de 100 000\u20ac<\/p>\n<p>Op\u00e9rateur T\u00e9l\u00e9com d\u00e9clar\u00e9 ARCEP<br \/>\n09\/2989 &#8211; AS50474<\/p>\n<p>o2switch est une soci\u00e9t\u00e9 du groupe Zohey<br \/>\nSAS au capital de 8 000 000\u20ac<\/p>\n<h2>CR\u00c9DITS PHOTOS :<\/h2>\n<p>Champagne Hervieux Dumez \/ Damien Tupinier \/ Fabian Keller \/ Etc.photographie<\/p>\n","protected":false},"excerpt":{"rendered":"<p>\u00c9DITION DU SITE PAR : Raison sociale : Champagne Hervieux Dumez Adresse : 6 rue de Ch\u00e2tillon 51500 SACY, France T\u00e9l. +33 (0)3 26 49 23 86 SIRET : 38748079100020 TVA Intracommunautaire : FR11387480791 APE : 0121Z \u2013 Culture de la vigne E-mail : Formulaire en ligne Site : www.champagne-hervieux-dumez.com CONCEPTION ET D\u00c9VELOPPEMENT DU SITE [&hellip;]<\/p>\n","protected":false},"author":1,"featured_media":0,"parent":0,"menu_order":190,"comment_status":"closed","ping_status":"closed","template":"template-basic.php","meta":{"_acf_changed":false,"footnotes":""},"class_list":["post-496","page","type-page","status-publish","hentry"],"acf":[],"yoast_head":"<!-- This site is optimized with the Yoast SEO plugin v25.6 - https:\/\/yoast.com\/wordpress\/plugins\/seo\/ -->\n<title>Legal Notice - Champagne Hervieux Dumez<\/title>\n<meta name=\"robots\" content=\"index, follow, max-snippet:-1, max-image-preview:large, max-video-preview:-1\" \/>\n<link rel=\"canonical\" href=\"https:\/\/www.champagne-hervieux-dumez.com\/en\/legal-notice\/\" \/>\n<meta property=\"og:locale\" content=\"en_US\" \/>\n<meta property=\"og:type\" content=\"article\" \/>\n<meta property=\"og:title\" content=\"Legal Notice - Champagne Hervieux Dumez\" \/>\n<meta property=\"og:description\" content=\"\u00c9DITION DU SITE PAR : Raison sociale : Champagne Hervieux Dumez Adresse : 6 rue de Ch\u00e2tillon 51500 SACY, France T\u00e9l. +33 (0)3 26 49 23 86 SIRET : 38748079100020 TVA Intracommunautaire : FR11387480791 APE : 0121Z \u2013 Culture de la vigne E-mail : Formulaire en ligne Site : www.champagne-hervieux-dumez.com CONCEPTION ET D\u00c9VELOPPEMENT DU SITE [&hellip;]\" \/>\n<meta property=\"og:url\" content=\"https:\/\/www.champagne-hervieux-dumez.com\/en\/legal-notice\/\" \/>\n<meta property=\"og:site_name\" content=\"Champagne Hervieux Dumez\" \/>\n<meta property=\"article:modified_time\" content=\"2021-10-25T11:31:06+00:00\" \/>\n<meta name=\"twitter:card\" content=\"summary_large_image\" \/>\n<meta name=\"twitter:label1\" content=\"Est. reading time\" \/>\n\t<meta name=\"twitter:data1\" content=\"1 minute\" \/>\n<script type=\"application\/ld+json\" class=\"yoast-schema-graph\">{\"@context\":\"https:\/\/schema.org\",\"@graph\":[{\"@type\":\"WebPage\",\"@id\":\"https:\/\/www.champagne-hervieux-dumez.com\/en\/legal-notice\/\",\"url\":\"https:\/\/www.champagne-hervieux-dumez.com\/en\/legal-notice\/\",\"name\":\"Legal Notice - Champagne Hervieux Dumez\",\"isPartOf\":{\"@id\":\"https:\/\/www.champagne-hervieux-dumez.com\/en\/#website\"},\"datePublished\":\"2021-05-25T14:37:57+00:00\",\"dateModified\":\"2021-10-25T11:31:06+00:00\",\"breadcrumb\":{\"@id\":\"https:\/\/www.champagne-hervieux-dumez.com\/en\/legal-notice\/#breadcrumb\"},\"inLanguage\":\"en-US\",\"potentialAction\":[{\"@type\":\"ReadAction\",\"target\":[\"https:\/\/www.champagne-hervieux-dumez.com\/en\/legal-notice\/\"]}]},{\"@type\":\"BreadcrumbList\",\"@id\":\"https:\/\/www.champagne-hervieux-dumez.com\/en\/legal-notice\/#breadcrumb\",\"itemListElement\":[{\"@type\":\"ListItem\",\"position\":1,\"name\":\"Accueil\",\"item\":\"https:\/\/www.champagne-hervieux-dumez.com\/en\/\"},{\"@type\":\"ListItem\",\"position\":2,\"name\":\"Legal Notice\"}]},{\"@type\":\"WebSite\",\"@id\":\"https:\/\/www.champagne-hervieux-dumez.com\/en\/#website\",\"url\":\"https:\/\/www.champagne-hervieux-dumez.com\/en\/\",\"name\":\"Champagne Hervieux Dumez\",\"description\":\"Champagne 1er Cru \u00e0 Sacy\",\"publisher\":{\"@id\":\"https:\/\/www.champagne-hervieux-dumez.com\/en\/#organization\"},\"potentialAction\":[{\"@type\":\"SearchAction\",\"target\":{\"@type\":\"EntryPoint\",\"urlTemplate\":\"https:\/\/www.champagne-hervieux-dumez.com\/en\/?s={search_term_string}\"},\"query-input\":{\"@type\":\"PropertyValueSpecification\",\"valueRequired\":true,\"valueName\":\"search_term_string\"}}],\"inLanguage\":\"en-US\"},{\"@type\":\"Organization\",\"@id\":\"https:\/\/www.champagne-hervieux-dumez.com\/en\/#organization\",\"name\":\"Champagne Hervieux Dumez\",\"url\":\"https:\/\/www.champagne-hervieux-dumez.com\/en\/\",\"logo\":{\"@type\":\"ImageObject\",\"inLanguage\":\"en-US\",\"@id\":\"https:\/\/www.champagne-hervieux-dumez.com\/en\/#\/schema\/logo\/image\/\",\"url\":\"https:\/\/www.champagne-hervieux-dumez.com\/wp-content\/uploads\/2021\/07\/logo-Champagne-Hervieux-Dumez-aplat-blc.png\",\"contentUrl\":\"https:\/\/www.champagne-hervieux-dumez.com\/wp-content\/uploads\/2021\/07\/logo-Champagne-Hervieux-Dumez-aplat-blc.png\",\"width\":320,\"height\":250,\"caption\":\"Champagne Hervieux Dumez\"},\"image\":{\"@id\":\"https:\/\/www.champagne-hervieux-dumez.com\/en\/#\/schema\/logo\/image\/\"}}]}<\/script>\n<!-- \/ Yoast SEO plugin. -->","yoast_head_json":{"title":"Legal Notice - Champagne Hervieux Dumez","robots":{"index":"index","follow":"follow","max-snippet":"max-snippet:-1","max-image-preview":"max-image-preview:large","max-video-preview":"max-video-preview:-1"},"canonical":"https:\/\/www.champagne-hervieux-dumez.com\/en\/legal-notice\/","og_locale":"en_US","og_type":"article","og_title":"Legal Notice - Champagne Hervieux Dumez","og_description":"\u00c9DITION DU SITE PAR : Raison sociale : Champagne Hervieux Dumez Adresse : 6 rue de Ch\u00e2tillon 51500 SACY, France T\u00e9l. +33 (0)3 26 49 23 86 SIRET : 38748079100020 TVA Intracommunautaire : FR11387480791 APE : 0121Z \u2013 Culture de la vigne E-mail : Formulaire en ligne Site : www.champagne-hervieux-dumez.com CONCEPTION ET D\u00c9VELOPPEMENT DU SITE [&hellip;]","og_url":"https:\/\/www.champagne-hervieux-dumez.com\/en\/legal-notice\/","og_site_name":"Champagne Hervieux Dumez","article_modified_time":"2021-10-25T11:31:06+00:00","twitter_card":"summary_large_image","twitter_misc":{"Est. reading time":"1 minute"},"schema":{"@context":"https:\/\/schema.org","@graph":[{"@type":"WebPage","@id":"https:\/\/www.champagne-hervieux-dumez.com\/en\/legal-notice\/","url":"https:\/\/www.champagne-hervieux-dumez.com\/en\/legal-notice\/","name":"Legal Notice - Champagne Hervieux Dumez","isPartOf":{"@id":"https:\/\/www.champagne-hervieux-dumez.com\/en\/#website"},"datePublished":"2021-05-25T14:37:57+00:00","dateModified":"2021-10-25T11:31:06+00:00","breadcrumb":{"@id":"https:\/\/www.champagne-hervieux-dumez.com\/en\/legal-notice\/#breadcrumb"},"inLanguage":"en-US","potentialAction":[{"@type":"ReadAction","target":["https:\/\/www.champagne-hervieux-dumez.com\/en\/legal-notice\/"]}]},{"@type":"BreadcrumbList","@id":"https:\/\/www.champagne-hervieux-dumez.com\/en\/legal-notice\/#breadcrumb","itemListElement":[{"@type":"ListItem","position":1,"name":"Accueil","item":"https:\/\/www.champagne-hervieux-dumez.com\/en\/"},{"@type":"ListItem","position":2,"name":"Legal Notice"}]},{"@type":"WebSite","@id":"https:\/\/www.champagne-hervieux-dumez.com\/en\/#website","url":"https:\/\/www.champagne-hervieux-dumez.com\/en\/","name":"Champagne Hervieux Dumez","description":"Champagne 1er Cru \u00e0 Sacy","publisher":{"@id":"https:\/\/www.champagne-hervieux-dumez.com\/en\/#organization"},"potentialAction":[{"@type":"SearchAction","target":{"@type":"EntryPoint","urlTemplate":"https:\/\/www.champagne-hervieux-dumez.com\/en\/?s={search_term_string}"},"query-input":{"@type":"PropertyValueSpecification","valueRequired":true,"valueName":"search_term_string"}}],"inLanguage":"en-US"},{"@type":"Organization","@id":"https:\/\/www.champagne-hervieux-dumez.com\/en\/#organization","name":"Champagne Hervieux Dumez","url":"https:\/\/www.champagne-hervieux-dumez.com\/en\/","logo":{"@type":"ImageObject","inLanguage":"en-US","@id":"https:\/\/www.champagne-hervieux-dumez.com\/en\/#\/schema\/logo\/image\/","url":"https:\/\/www.champagne-hervieux-dumez.com\/wp-content\/uploads\/2021\/07\/logo-Champagne-Hervieux-Dumez-aplat-blc.png","contentUrl":"https:\/\/www.champagne-hervieux-dumez.com\/wp-content\/uploads\/2021\/07\/logo-Champagne-Hervieux-Dumez-aplat-blc.png","width":320,"height":250,"caption":"Champagne Hervieux Dumez"},"image":{"@id":"https:\/\/www.champagne-hervieux-dumez.com\/en\/#\/schema\/logo\/image\/"}}]}},"_links":{"self":[{"href":"https:\/\/www.champagne-hervieux-dumez.com\/en\/wp-json\/wp\/v2\/pages\/496"}],"collection":[{"href":"https:\/\/www.champagne-hervieux-dumez.com\/en\/wp-json\/wp\/v2\/pages"}],"about":[{"href":"https:\/\/www.champagne-hervieux-dumez.com\/en\/wp-json\/wp\/v2\/types\/page"}],"author":[{"embeddable":true,"href":"https:\/\/www.champagne-hervieux-dumez.com\/en\/wp-json\/wp\/v2\/users\/1"}],"replies":[{"embeddable":true,"href":"https:\/\/www.champagne-hervieux-dumez.com\/en\/wp-json\/wp\/v2\/comments?post=496"}],"version-history":[{"count":3,"href":"https:\/\/www.champagne-hervieux-dumez.com\/en\/wp-json\/wp\/v2\/pages\/496\/revisions"}],"predecessor-version":[{"id":677,"href":"https:\/\/www.champagne-hervieux-dumez.com\/en\/wp-json\/wp\/v2\/pages\/496\/revisions\/677"}],"wp:attachment":[{"href":"https:\/\/www.champagne-hervieux-dumez.com\/en\/wp-json\/wp\/v2\/media?parent=496"}],"curies":[{"name":"wp","href":"https:\/\/api.w.org\/{rel}","templated":true}]}}